{"id":17,"date":"2026-04-29T08:31:21","date_gmt":"2026-04-29T08:31:21","guid":{"rendered":"https:\/\/wp5208.gendalf.teamon.site\/?page_id=17"},"modified":"2026-04-29T09:46:14","modified_gmt":"2026-04-29T09:46:14","slug":"contattaci","status":"publish","type":"page","link":"https:\/\/wp5208.gendalf.teamon.site\/index.php\/contattaci\/","title":{"rendered":"Contattaci"},"content":{"rendered":"\t\t<div data-elementor-type=\"wp-page\" data-elementor-id=\"17\" class=\"elementor elementor-17\" data-elementor-post-type=\"page\">\n\t\t\t\t\t\t\t\t\t<section class=\"elementor-section elementor-top-section elementor-element elementor-element-3f188e07 elementor-section-full_width elementor-section-height-min-height elementor-section-items-stretch elementor-section-height-default\" data-id=\"3f188e07\" data-element_type=\"section\" data-settings=\"{&quot;background_background&quot;:&quot;classic&quot;}\">\n\t\t\t\t\t\t\t<div class=\"elementor-background-overlay\"><\/div>\n\t\t\t\t\t\t\t<div class=\"elementor-container elementor-column-gap-no\">\n\t\t\t\t\t<div class=\"elementor-column elementor-col-100 elementor-top-column elementor-element elementor-element-69e456c2\" data-id=\"69e456c2\" data-element_type=\"column\">\n\t\t\t<div class=\"elementor-widget-wrap elementor-element-populated\">\n\t\t\t\t\t\t\t\t<div class=\"elementor-element elementor-element-69da8ea7 elementor-widget elementor-widget-heading\" data-id=\"69da8ea7\" data-element_type=\"widget\" data-widget_type=\"heading.default\">\n\t\t\t\t<div class=\"elementor-widget-container\">\n\t\t\t<style>\/*! elementor - v3.15.0 - 31-07-2023 *\/\n.elementor-heading-title{padding:0;margin:0;line-height:1}.elementor-widget-heading .elementor-heading-title[class*=elementor-size-]>a{color:inherit;font-size:inherit;line-height:inherit}.elementor-widget-heading .elementor-heading-title.elementor-size-small{font-size:15px}.elementor-widget-heading .elementor-heading-title.elementor-size-medium{font-size:19px}.elementor-widget-heading .elementor-heading-title.elementor-size-large{font-size:29px}.elementor-widget-heading .elementor-heading-title.elementor-size-xl{font-size:39px}.elementor-widget-heading .elementor-heading-title.elementor-size-xxl{font-size:59px}<\/style><h1 class=\"elementor-heading-title elementor-size-default\">Parliamo del tuo progetto<\/h1>\t\t<\/div>\n\t\t\t\t<\/div>\n\t\t\t\t<div class=\"elementor-element elementor-element-25aaa288 elementor-widget__width-initial elementor-widget elementor-widget-text-editor\" data-id=\"25aaa288\" data-element_type=\"widget\" data-widget_type=\"text-editor.default\">\n\t\t\t\t<div class=\"elementor-widget-container\">\n\t\t\t<style>\/*! elementor - v3.15.0 - 31-07-2023 *\/\n.elementor-widget-text-editor.elementor-drop-cap-view-stacked .elementor-drop-cap{background-color:#69727d;color:#fff}.elementor-widget-text-editor.elementor-drop-cap-view-framed .elementor-drop-cap{color:#69727d;border:3px solid;background-color:transparent}.elementor-widget-text-editor:not(.elementor-drop-cap-view-default) .elementor-drop-cap{margin-top:8px}.elementor-widget-text-editor:not(.elementor-drop-cap-view-default) .elementor-drop-cap-letter{width:1em;height:1em}.elementor-widget-text-editor .elementor-drop-cap{float:left;text-align:center;line-height:1;font-size:50px}.elementor-widget-text-editor .elementor-drop-cap-letter{display:inline-block}<\/style>\t\t\t\t<p>Siamo pronti a trasformare le tue idee in realt\u00e0 digitali.<\/p>\t\t\t\t\t\t<\/div>\n\t\t\t\t<\/div>\n\t\t\t\t<div class=\"elementor-element elementor-element-540977df elementor-mobile-align-center elementor-widget elementor-widget-button\" data-id=\"540977df\" data-element_type=\"widget\" data-widget_type=\"button.default\">\n\t\t\t\t<div class=\"elementor-widget-container\">\n\t\t\t\t\t<div class=\"elementor-button-wrapper\">\n\t\t\t<a class=\"elementor-button elementor-button-link elementor-size-sm\" href=\"#more\">\n\t\t\t\t\t\t<span class=\"elementor-button-content-wrapper\">\n\t\t\t\t\t\t<span class=\"elementor-button-text\">Scopri di pi\u00f9<\/span>\n\t\t<\/span>\n\t\t\t\t\t<\/a>\n\t\t<\/div>\n\t\t\t\t<\/div>\n\t\t\t\t<\/div>\n\t\t\t\t<div class=\"elementor-element elementor-element-74d5900a elementor-absolute elementor-view-default elementor-invisible elementor-widget elementor-widget-icon\" data-id=\"74d5900a\" data-element_type=\"widget\" data-settings=\"{&quot;_position&quot;:&quot;absolute&quot;,&quot;_animation&quot;:&quot;slideInDown&quot;}\" data-widget_type=\"icon.default\">\n\t\t\t\t<div class=\"elementor-widget-container\">\n\t\t\t\t\t<div class=\"elementor-icon-wrapper\">\n\t\t\t<a class=\"elementor-icon elementor-animation-sink\" href=\"#next\">\n\t\t\t\t\t\t<\/a>\n\t\t<\/div>\n\t\t\t\t<\/div>\n\t\t\t\t<\/div>\n\t\t\t\t\t<\/div>\n\t\t<\/div>\n\t\t\t\t\t\t\t<\/div>\n\t\t<\/section>\n\t\t\t\t<section class=\"elementor-section elementor-top-section elementor-element elementor-element-4a40b14f elementor-section-content-middle elementor-section-height-full elementor-section-boxed elementor-section-height-default elementor-section-items-middle\" data-id=\"4a40b14f\" data-element_type=\"section\" id=\"more\" data-settings=\"{&quot;background_background&quot;:&quot;classic&quot;}\">\n\t\t\t\t\t\t<div class=\"elementor-container elementor-column-gap-no\">\n\t\t\t\t\t<div class=\"elementor-column elementor-col-100 elementor-top-column elementor-element elementor-element-2dd61b33\" data-id=\"2dd61b33\" data-element_type=\"column\">\n\t\t\t<div class=\"elementor-widget-wrap elementor-element-populated\">\n\t\t\t\t\t\t\t\t<section class=\"elementor-section elementor-inner-section elementor-element elementor-element-68ae1172 elementor-section-content-middle elementor-section-boxed elementor-section-height-default elementor-section-height-default\" data-id=\"68ae1172\" data-element_type=\"section\">\n\t\t\t\t\t\t<div class=\"elementor-container elementor-column-gap-no\">\n\t\t\t\t\t<div class=\"elementor-column elementor-col-50 elementor-inner-column elementor-element elementor-element-21ecc9c\" data-id=\"21ecc9c\" data-element_type=\"column\">\n\t\t\t<div class=\"elementor-widget-wrap elementor-element-populated\">\n\t\t\t\t\t\t\t\t<div class=\"elementor-element elementor-element-e281176 elementor-widget elementor-widget-html\" data-id=\"e281176\" data-element_type=\"widget\" data-widget_type=\"html.default\">\n\t\t\t\t<div class=\"elementor-widget-container\">\n\t\t\t<div class='fluentform ff-default fluentform_wrapper_1 ffs_default_wrap'><form data-form_id=\"1\" id=\"fluentform_1\" class=\"frm-fluent-form fluent_form_1 ff-el-form-top ff_form_instance_1_1 ff-form-loading ffs_default\" data-form_instance=\"ff_form_instance_1_1\" method=\"POST\" ><fieldset  style=\"border: none!important;margin: 0!important;padding: 0!important;background-color: transparent!important;box-shadow: none!important;outline: none!important; min-inline-size: 100%;\">\n                    <legend class=\"ff_screen_reader_title\" style=\"display: block; margin: 0!important;padding: 0!important;height: 0!important;text-indent: -999999px;width: 0!important;overflow:hidden;\">Contact Form Demo<\/legend><input type='hidden' name='__fluent_form_embded_post_id' value='17' \/><input type=\"hidden\" id=\"_fluentform_1_fluentformnonce\" name=\"_fluentform_1_fluentformnonce\" value=\"385b09f70c\" \/><input type=\"hidden\" name=\"_wp_http_referer\" value=\"\/index.php\/wp-json\/wp\/v2\/pages\/17\" \/><div data-type=\"name-element\" data-name=\"names\" class=\" ff-field_container ff-name-field-wrapper\" ><div class='ff-t-container'><div class='ff-t-cell '><div class='ff-el-group'><div class=\"ff-el-input--label asterisk-right\"><label for='ff_1_names_first_name_' id='label_ff_1_names_first_name_' >Nome<\/label><\/div><div class='ff-el-input--content'><input type=\"text\" name=\"names[first_name]\" id=\"ff_1_names_first_name_\" class=\"ff-el-form-control\" placeholder=\"Nome\" aria-invalid=\"false\" aria-required=false><\/div><\/div><\/div><div class='ff-t-cell '><div class='ff-el-group'><div class=\"ff-el-input--label asterisk-right\"><label for='ff_1_names_last_name_' id='label_ff_1_names_last_name_' >Cognome<\/label><\/div><div class='ff-el-input--content'><input type=\"text\" name=\"names[last_name]\" id=\"ff_1_names_last_name_\" class=\"ff-el-form-control\" placeholder=\"Cognome\" aria-invalid=\"false\" aria-required=false><\/div><\/div><\/div><\/div><\/div><div class='ff-el-group'><div class=\"ff-el-input--label asterisk-right\"><label for='ff_1_email' id='label_ff_1_email' aria-label=\"E-mail\">E-mail<\/label><\/div><div class='ff-el-input--content'><input type=\"email\" name=\"email\" id=\"ff_1_email\" class=\"ff-el-form-control\" placeholder=\"E-mail\" data-name=\"email\"  aria-invalid=\"false\" aria-required=false><\/div><\/div><div class='ff-el-group'><div class=\"ff-el-input--label ff-el-is-required asterisk-right\"><label for='ff_1_message' id='label_ff_1_message' aria-label=\"Il Tuo Messaggio\">Il Tuo Messaggio<\/label><\/div><div class='ff-el-input--content'><textarea aria-required=\"true\" aria-labelledby=\"label_ff_1_message\" name=\"message\" id=\"ff_1_message\" class=\"ff-el-form-control\" placeholder=\"Il Tuo Messaggio\" rows=\"4\" cols=\"2\" data-name=\"message\" ><\/textarea><\/div><\/div><div class='ff-el-group ff-text-left ff_submit_btn_wrapper'><button type=\"submit\" class=\"ff-btn ff-btn-submit ff-btn-md ff_btn_style\"  aria-label=\"Invia\">Invia<\/button><\/div><\/fieldset><\/form><div id='fluentform_1_errors' class='ff-errors-in-stack ff_form_instance_1_1 ff-form-loading_errors ff_form_instance_1_1_errors'><\/div><\/div>            <script type=\"text\/javascript\">\n                window.fluent_form_ff_form_instance_1_1 = {\"id\":\"1\",\"ajaxUrl\":\"https:\\\/\\\/wp5208.gendalf.teamon.site\\\/wp-admin\\\/admin-ajax.php\",\"settings\":{\"layout\":{\"labelPlacement\":\"top\",\"helpMessagePlacement\":\"with_label\",\"errorMessagePlacement\":\"inline\",\"cssClassName\":\"\",\"asteriskPlacement\":\"asterisk-right\"},\"restrictions\":{\"denyEmptySubmission\":{\"enabled\":false}}},\"form_instance\":\"ff_form_instance_1_1\",\"form_id_selector\":\"fluentform_1\",\"rules\":{\"names[first_name]\":{\"required\":{\"value\":false,\"message\":\"This field is required\",\"global\":false,\"global_message\":\"This field is required\"}},\"names[middle_name]\":{\"required\":{\"value\":false,\"message\":\"This field is required\",\"global\":false,\"global_message\":\"This field is required\"}},\"names[last_name]\":{\"required\":{\"value\":false,\"message\":\"This field is required\",\"global\":false,\"global_message\":\"This field is required\"}},\"email\":{\"required\":{\"value\":false,\"message\":\"Questo campo \\u00e8 obbligatorio\",\"global_message\":\"This field is required\",\"global\":true},\"email\":{\"value\":true,\"message\":\"Questo campo deve contenere un indirizzo email valido\",\"global_message\":\"This field must contain a valid email\",\"global\":true}},\"message\":{\"required\":{\"value\":true,\"message\":\"This field is required\",\"global\":false,\"global_message\":\"This field is required\"}}},\"debounce_time\":300};\n                            <\/script>\n            \t\t<\/div>\n\t\t\t\t<\/div>\n\t\t\t\t\t<\/div>\n\t\t<\/div>\n\t\t\t\t<div class=\"elementor-column elementor-col-50 elementor-inner-column elementor-element elementor-element-7e0d651a\" data-id=\"7e0d651a\" data-element_type=\"column\" data-settings=\"{&quot;background_background&quot;:&quot;classic&quot;}\">\n\t\t\t<div class=\"elementor-widget-wrap elementor-element-populated\">\n\t\t\t\t\t\t\t\t<div class=\"elementor-element elementor-element-7b445843 elementor-widget elementor-widget-text-editor\" data-id=\"7b445843\" data-element_type=\"widget\" data-widget_type=\"text-editor.default\">\n\t\t\t\t<div class=\"elementor-widget-container\">\n\t\t\t\t\t\t\t<p><strong>Numero di telefono <\/strong>+39 693 825 0038<\/p>\t\t\t\t\t\t<\/div>\n\t\t\t\t<\/div>\n\t\t\t\t<div class=\"elementor-element elementor-element-67f873d elementor-widget elementor-widget-text-editor\" data-id=\"67f873d\" data-element_type=\"widget\" data-widget_type=\"text-editor.default\">\n\t\t\t\t<div class=\"elementor-widget-container\">\n\t\t\t\t\t\t\t<p><strong>E-mail <\/strong>support@novacodice.com<\/p>\t\t\t\t\t\t<\/div>\n\t\t\t\t<\/div>\n\t\t\t\t<div class=\"elementor-element elementor-element-7b749eff elementor-widget elementor-widget-text-editor\" data-id=\"7b749eff\" data-element_type=\"widget\" data-widget_type=\"text-editor.default\">\n\t\t\t\t<div class=\"elementor-widget-container\">\n\t\t\t\t\t\t\t<p><strong>Indirizzo <\/strong>Via Giosu\u00e8 Carducci, 2, 56025 Pontedera PI, Italia<\/p>\t\t\t\t\t\t<\/div>\n\t\t\t\t<\/div>\n\t\t\t\t<div class=\"elementor-element elementor-element-75ee295 elementor-widget elementor-widget-html\" data-id=\"75ee295\" data-element_type=\"widget\" data-widget_type=\"html.default\">\n\t\t\t\t<div class=\"elementor-widget-container\">\n\t\t\t<iframe src=\"https:\/\/www.google.com\/maps\/embed?pb=!1m18!1m12!1m3!1d1443.1602685059302!2d10.630286874073384!3d43.66230303950308!2m3!1f0!2f0!3f0!3m2!1i1024!2i768!4f13.1!3m3!1m2!1s0x132a75f1939951ed%3A0xc34d943c8b7c7dc0!2sVia%20Giosu%C3%A8%20Carducci%2C%202%2C%2056025%20Pontedera%20PI%2C%20Italia!5e0!3m2!1sit!2spl!4v1777454023800!5m2!1sit!2spl\" width=\"600\" height=\"250\" style=\"border:0;\" allowfullscreen=\"\" loading=\"lazy\" referrerpolicy=\"no-referrer-when-downgrade\"><\/iframe>\t\t<\/div>\n\t\t\t\t<\/div>\n\t\t\t\t\t<\/div>\n\t\t<\/div>\n\t\t\t\t\t\t\t<\/div>\n\t\t<\/section>\n\t\t\t\t\t<\/div>\n\t\t<\/div>\n\t\t\t\t\t\t\t<\/div>\n\t\t<\/section>\n\t\t\t\t\t\t\t<\/div>\n\t\t","protected":false},"excerpt":{"rendered":"<p>Parliamo del tuo progetto Siamo pronti a trasformare le tue idee in realt\u00e0 digitali. Scopri di pi\u00f9 Numero di telefono +39 693 825 0038 E-mail support@novacodice.com Indirizzo Via Giosu\u00e8 Carducci, 2, 56025 Pontedera PI, Italia<\/p>\n","protected":false},"author":1,"featured_media":0,"parent":0,"menu_order":0,"comment_status":"closed","ping_status":"closed","template":"","meta":{"_kad_post_transparent":"","_kad_post_title":"hide","_kad_post_layout":"fullwidth","_kad_post_sidebar_id":"","_kad_post_content_style":"unboxed","_kad_post_vertical_padding":"hide","_kad_post_feature":"hide","_kad_post_feature_position":"","_kad_post_header":false,"_kad_post_footer":false,"_kad_post_classname":"","footnotes":""},"class_list":["post-17","page","type-page","status-publish","hentry"],"yoast_head":"<!-- This site is optimized with the Yoast SEO plugin v27.5 - https:\/\/yoast.com\/product\/yoast-seo-wordpress\/ -->\n<title>Contattaci - IT Solutions Innovative | NovaCodice - Tecnologie Digitali del Futuro<\/title>\n<meta name=\"robots\" content=\"index, follow, max-snippet:-1, max-image-preview:large, max-video-preview:-1\" \/>\n<link rel=\"canonical\" href=\"https:\/\/wp5208.gendalf.teamon.site\/index.php\/contattaci\/\" \/>\n<meta property=\"og:locale\" content=\"it_IT\" \/>\n<meta property=\"og:type\" content=\"article\" \/>\n<meta property=\"og:title\" content=\"Contattaci - IT Solutions Innovative | NovaCodice - Tecnologie Digitali del Futuro\" \/>\n<meta property=\"og:description\" content=\"Parliamo del tuo progetto Siamo pronti a trasformare le tue idee in realt\u00e0 digitali. Scopri di pi\u00f9 Numero di telefono +39 693 825 0038 E-mail support@novacodice.com Indirizzo Via Giosu\u00e8 Carducci, 2, 56025 Pontedera PI, Italia\" \/>\n<meta property=\"og:url\" content=\"https:\/\/wp5208.gendalf.teamon.site\/index.php\/contattaci\/\" \/>\n<meta property=\"og:site_name\" content=\"IT Solutions Innovative | NovaCodice - Tecnologie Digitali del Futuro\" \/>\n<meta property=\"article:modified_time\" content=\"2026-04-29T09:46:14+00:00\" \/>\n<meta name=\"twitter:card\" content=\"summary_large_image\" \/>\n<script type=\"application\/ld+json\" class=\"yoast-schema-graph\">{\"@context\":\"https:\\\/\\\/schema.org\",\"@graph\":[{\"@type\":\"WebPage\",\"@id\":\"https:\\\/\\\/wp5208.gendalf.teamon.site\\\/index.php\\\/contattaci\\\/\",\"url\":\"https:\\\/\\\/wp5208.gendalf.teamon.site\\\/index.php\\\/contattaci\\\/\",\"name\":\"Contattaci - IT Solutions Innovative | NovaCodice - Tecnologie Digitali del Futuro\",\"isPartOf\":{\"@id\":\"https:\\\/\\\/wp5208.gendalf.teamon.site\\\/#website\"},\"datePublished\":\"2026-04-29T08:31:21+00:00\",\"dateModified\":\"2026-04-29T09:46:14+00:00\",\"breadcrumb\":{\"@id\":\"https:\\\/\\\/wp5208.gendalf.teamon.site\\\/index.php\\\/contattaci\\\/#breadcrumb\"},\"inLanguage\":\"it-IT\",\"potentialAction\":[{\"@type\":\"ReadAction\",\"target\":[\"https:\\\/\\\/wp5208.gendalf.teamon.site\\\/index.php\\\/contattaci\\\/\"]}]},{\"@type\":\"BreadcrumbList\",\"@id\":\"https:\\\/\\\/wp5208.gendalf.teamon.site\\\/index.php\\\/contattaci\\\/#breadcrumb\",\"itemListElement\":[{\"@type\":\"ListItem\",\"position\":1,\"name\":\"Home\",\"item\":\"https:\\\/\\\/wp5208.gendalf.teamon.site\\\/\"},{\"@type\":\"ListItem\",\"position\":2,\"name\":\"Contattaci\"}]},{\"@type\":\"WebSite\",\"@id\":\"https:\\\/\\\/wp5208.gendalf.teamon.site\\\/#website\",\"url\":\"https:\\\/\\\/wp5208.gendalf.teamon.site\\\/\",\"name\":\"IT Solutions Innovative | NovaCodice - Tecnologie Digitali del Futuro\",\"description\":\"\",\"publisher\":{\"@id\":\"https:\\\/\\\/wp5208.gendalf.teamon.site\\\/#organization\"},\"potentialAction\":[{\"@type\":\"SearchAction\",\"target\":{\"@type\":\"EntryPoint\",\"urlTemplate\":\"https:\\\/\\\/wp5208.gendalf.teamon.site\\\/?s={search_term_string}\"},\"query-input\":{\"@type\":\"PropertyValueSpecification\",\"valueRequired\":true,\"valueName\":\"search_term_string\"}}],\"inLanguage\":\"it-IT\"},{\"@type\":\"Organization\",\"@id\":\"https:\\\/\\\/wp5208.gendalf.teamon.site\\\/#organization\",\"name\":\"IT Solutions Innovative | NovaCodice - Tecnologie Digitali del Futuro\",\"url\":\"https:\\\/\\\/wp5208.gendalf.teamon.site\\\/\",\"logo\":{\"@type\":\"ImageObject\",\"inLanguage\":\"it-IT\",\"@id\":\"https:\\\/\\\/wp5208.gendalf.teamon.site\\\/#\\\/schema\\\/logo\\\/image\\\/\",\"url\":\"https:\\\/\\\/wp5208.gendalf.teamon.site\\\/wp-content\\\/uploads\\\/2026\\\/04\\\/cropped-svgexport-22.png\",\"contentUrl\":\"https:\\\/\\\/wp5208.gendalf.teamon.site\\\/wp-content\\\/uploads\\\/2026\\\/04\\\/cropped-svgexport-22.png\",\"width\":1247,\"height\":199,\"caption\":\"IT Solutions Innovative | NovaCodice - Tecnologie Digitali del Futuro\"},\"image\":{\"@id\":\"https:\\\/\\\/wp5208.gendalf.teamon.site\\\/#\\\/schema\\\/logo\\\/image\\\/\"}}]}<\/script>\n<!-- \/ Yoast SEO plugin. -->","yoast_head_json":{"title":"Contattaci - IT Solutions Innovative | NovaCodice - Tecnologie Digitali del Futuro","robots":{"index":"index","follow":"follow","max-snippet":"max-snippet:-1","max-image-preview":"max-image-preview:large","max-video-preview":"max-video-preview:-1"},"canonical":"https:\/\/wp5208.gendalf.teamon.site\/index.php\/contattaci\/","og_locale":"it_IT","og_type":"article","og_title":"Contattaci - IT Solutions Innovative | NovaCodice - Tecnologie Digitali del Futuro","og_description":"Parliamo del tuo progetto Siamo pronti a trasformare le tue idee in realt\u00e0 digitali. Scopri di pi\u00f9 Numero di telefono +39 693 825 0038 E-mail support@novacodice.com Indirizzo Via Giosu\u00e8 Carducci, 2, 56025 Pontedera PI, Italia","og_url":"https:\/\/wp5208.gendalf.teamon.site\/index.php\/contattaci\/","og_site_name":"IT Solutions Innovative | NovaCodice - Tecnologie Digitali del Futuro","article_modified_time":"2026-04-29T09:46:14+00:00","twitter_card":"summary_large_image","schema":{"@context":"https:\/\/schema.org","@graph":[{"@type":"WebPage","@id":"https:\/\/wp5208.gendalf.teamon.site\/index.php\/contattaci\/","url":"https:\/\/wp5208.gendalf.teamon.site\/index.php\/contattaci\/","name":"Contattaci - IT Solutions Innovative | NovaCodice - Tecnologie Digitali del Futuro","isPartOf":{"@id":"https:\/\/wp5208.gendalf.teamon.site\/#website"},"datePublished":"2026-04-29T08:31:21+00:00","dateModified":"2026-04-29T09:46:14+00:00","breadcrumb":{"@id":"https:\/\/wp5208.gendalf.teamon.site\/index.php\/contattaci\/#breadcrumb"},"inLanguage":"it-IT","potentialAction":[{"@type":"ReadAction","target":["https:\/\/wp5208.gendalf.teamon.site\/index.php\/contattaci\/"]}]},{"@type":"BreadcrumbList","@id":"https:\/\/wp5208.gendalf.teamon.site\/index.php\/contattaci\/#breadcrumb","itemListElement":[{"@type":"ListItem","position":1,"name":"Home","item":"https:\/\/wp5208.gendalf.teamon.site\/"},{"@type":"ListItem","position":2,"name":"Contattaci"}]},{"@type":"WebSite","@id":"https:\/\/wp5208.gendalf.teamon.site\/#website","url":"https:\/\/wp5208.gendalf.teamon.site\/","name":"IT Solutions Innovative | NovaCodice - Tecnologie Digitali del Futuro","description":"","publisher":{"@id":"https:\/\/wp5208.gendalf.teamon.site\/#organization"},"potentialAction":[{"@type":"SearchAction","target":{"@type":"EntryPoint","urlTemplate":"https:\/\/wp5208.gendalf.teamon.site\/?s={search_term_string}"},"query-input":{"@type":"PropertyValueSpecification","valueRequired":true,"valueName":"search_term_string"}}],"inLanguage":"it-IT"},{"@type":"Organization","@id":"https:\/\/wp5208.gendalf.teamon.site\/#organization","name":"IT Solutions Innovative | NovaCodice - Tecnologie Digitali del Futuro","url":"https:\/\/wp5208.gendalf.teamon.site\/","logo":{"@type":"ImageObject","inLanguage":"it-IT","@id":"https:\/\/wp5208.gendalf.teamon.site\/#\/schema\/logo\/image\/","url":"https:\/\/wp5208.gendalf.teamon.site\/wp-content\/uploads\/2026\/04\/cropped-svgexport-22.png","contentUrl":"https:\/\/wp5208.gendalf.teamon.site\/wp-content\/uploads\/2026\/04\/cropped-svgexport-22.png","width":1247,"height":199,"caption":"IT Solutions Innovative | NovaCodice - Tecnologie Digitali del Futuro"},"image":{"@id":"https:\/\/wp5208.gendalf.teamon.site\/#\/schema\/logo\/image\/"}}]}},"_links":{"self":[{"href":"https:\/\/wp5208.gendalf.teamon.site\/index.php\/wp-json\/wp\/v2\/pages\/17","targetHints":{"allow":["GET"]}}],"collection":[{"href":"https:\/\/wp5208.gendalf.teamon.site\/index.php\/wp-json\/wp\/v2\/pages"}],"about":[{"href":"https:\/\/wp5208.gendalf.teamon.site\/index.php\/wp-json\/wp\/v2\/types\/page"}],"author":[{"embeddable":true,"href":"https:\/\/wp5208.gendalf.teamon.site\/index.php\/wp-json\/wp\/v2\/users\/1"}],"replies":[{"embeddable":true,"href":"https:\/\/wp5208.gendalf.teamon.site\/index.php\/wp-json\/wp\/v2\/comments?post=17"}],"version-history":[{"count":10,"href":"https:\/\/wp5208.gendalf.teamon.site\/index.php\/wp-json\/wp\/v2\/pages\/17\/revisions"}],"predecessor-version":[{"id":170,"href":"https:\/\/wp5208.gendalf.teamon.site\/index.php\/wp-json\/wp\/v2\/pages\/17\/revisions\/170"}],"wp:attachment":[{"href":"https:\/\/wp5208.gendalf.teamon.site\/index.php\/wp-json\/wp\/v2\/media?parent=17"}],"curies":[{"name":"wp","href":"https:\/\/api.w.org\/{rel}","templated":true}]}}